{"id":17,"date":"2025-05-13T13:25:49","date_gmt":"2025-05-13T13:25:49","guid":{"rendered":"https:\/\/busrahairdesign.com\/index.php\/silverstorm\/"},"modified":"2025-05-15T09:44:28","modified_gmt":"2025-05-15T09:44:28","slug":"busra-hair-design-nilufer-besevler-konak-kuafor","status":"publish","type":"page","link":"https:\/\/busrahairdesign.com\/","title":{"rendered":"B\u00fc\u015fra Hair Design &#8211; Nil\u00fcfer Be\u015fevler Konak Kuaf\u00f6r"},"content":{"rendered":"<div data-colibri-id=\"17-c1\" class=\"style-177 style-local-17-c1 position-relative\">\n  <!---->\n  <div data-colibri-component=\"section\" data-colibri-id=\"17-c2\" id=\"hero-accent\" class=\"h-section h-section-global-spacing d-flex align-items-lg-center align-items-md-center align-items-center style-178 style-local-17-c2 position-relative\">\n    <!---->\n    <!---->\n    <div class=\"h-section-grid-container h-section-fluid-container\">\n      <!---->\n      <div data-colibri-id=\"17-c3\" class=\"h-row-container gutters-row-lg-0 gutters-row-md-0 gutters-row-2 gutters-row-v-lg-2 gutters-row-v-md-2 gutters-row-v-2 style-179 style-local-17-c3 position-relative\">\n        <!---->\n        <div class=\"h-row justify-content-lg-center justify-content-md-center justify-content-center align-items-lg-stretch align-items-md-stretch align-items-stretch gutters-col-lg-0 gutters-col-md-0 gutters-col-2 gutters-col-v-lg-2 gutters-col-v-md-2 gutters-col-v-2\">\n          <!---->\n          <div class=\"h-column h-column-container d-flex h-col-lg-4 h-col-md-4 h-col-12 style-180-outer style-local-17-c4-outer\">\n            <div data-colibri-id=\"17-c4\" class=\"d-flex h-flex-basis h-column__inner h-px-lg-3 h-px-md-3 h-px-2 v-inner-lg-3 v-inner-md-3 v-inner-2 style-180 style-local-17-c4 position-relative\">\n              <!---->\n              <!---->\n              <div class=\"w-100 h-y-container h-column__content h-column__v-align flex-basis-100 align-self-lg-start align-self-md-start align-self-start\">\n                <!---->\n                <div data-colibri-id=\"17-c5\" class=\"h-global-transition-all h-heading style-181 style-local-17-c5 position-relative h-element\">\n                  <!---->\n                  <div class=\"h-heading__outer style-181 style-local-17-c5\">\n                    <!---->\n                    <!---->\n                    <h3 class=\"\">bize ula\u015f\u0131n<\/h3>\n                  <\/div>\n                <\/div>\n                <div data-colibri-id=\"17-c6\" class=\"h-lead h-text h-text-component style-182 style-local-17-c6 position-relative h-element\">\n                  <!---->\n                  <!---->\n                  <div class=\"\">\n                    <p>Konak Mah. Y\u0131ld\u0131r\u0131m Caddesi No:74\/B<\/p>\n                    <p>Nil\u00fcfer \/ BURSA<\/p>\n                    <p>0224 453 4036<\/p>\n                  <\/div>\n                <\/div>\n              <\/div>\n            <\/div>\n          <\/div>\n          <div class=\"h-column h-column-container d-flex h-col-lg-4 h-col-md-4 h-col-12 style-180-outer style-local-17-c7-outer\">\n            <div data-colibri-id=\"17-c7\" class=\"d-flex h-flex-basis h-column__inner h-px-lg-3 h-px-md-3 h-px-2 v-inner-lg-3 v-inner-md-3 v-inner-2 style-180 style-local-17-c7 position-relative\">\n              <!---->\n              <!---->\n              <div class=\"w-100 h-y-container h-column__content h-column__v-align flex-basis-100 align-self-lg-start align-self-md-start align-self-start\">\n                <!---->\n                <div data-colibri-id=\"17-c8\" class=\"h-global-transition-all h-heading style-181 style-local-17-c8 position-relative h-element\">\n                  <!---->\n                  <div class=\"h-heading__outer style-181 style-local-17-c8\">\n                    <!---->\n                    <!---->\n                    <h3 class=\"\">sosyal medya<\/h3>\n                  <\/div>\n                <\/div>\n                <div data-colibri-id=\"17-c9\" class=\"h-lead h-text h-text-component style-182 style-local-17-c9 position-relative h-element\">\n                  <!---->\n                  <!---->\n                  <div class=\"\">\n                   <div style=\"display: flex; flex-wrap:wrap; align-items: center; justify-content: center;\"><a href=\"https:\/\/www.facebook.com\/busrahairdesign\" target=\"_blank\" rel=\"noopener noreferrer\" style=\"text-decoration:none;border:0;width:27px;height:27px;padding:0;margin:3px;color:#ffffff;\"><svg class=\"niftybutton-facebook\" style=\"display:block;fill:currentColor\" data-donate=\"true\" data-tag=\"fac\" data-name=\"Facebook\" viewBox=\"0 0 512 512\" preserveAspectRatio=\"xMidYMid meet\"><title>Facebook social icon<\/title>\r\n    <path d=\"M211.9 197.4h-36.7v59.9h36.7V433.1h70.5V256.5h49.2l5.2-59.1h-54.4c0 0 0-22.1 0-33.7 0-13.9 2.8-19.5 16.3-19.5 10.9 0 38.2 0 38.2 0V82.9c0 0-40.2 0-48.8 0 -52.5 0-76.1 23.1-76.1 67.3C211.9 188.8 211.9 197.4 211.9 197.4z\"><\/path>\r\n<\/svg><\/a><a href=\"https:\/\/www.tiktok.com\/@busrahairdesign\" target=\"_blank\" rel=\"noopener noreferrer\" style=\"text-decoration:none;border:0;width:27px;height:27px;padding:0;margin:3px;color:#ffffff;\"><svg class=\"niftybutton-tiktok\" style=\"display:block;fill:currentColor\" data-donate=\"true\" data-tag=\"tic\" data-name=\"TikTok\" viewBox=\"0 0 512 512\" preserveAspectRatio=\"xMidYMid meet\"><title>TikTok social icon<\/title>\r\n     <path d=\"M 386.160156 141.550781 C 383.457031 140.15625 380.832031 138.625 378.285156 136.964844 C 370.878906 132.070312 364.085938 126.300781 358.058594 119.785156 C 342.976562 102.523438 337.339844 85.015625 335.265625 72.757812 L 335.351562 72.757812 C 333.617188 62.582031 334.332031 56 334.441406 56 L 265.742188 56 L 265.742188 321.648438 C 265.742188 325.214844 265.742188 328.742188 265.589844 332.226562 C 265.589844 332.660156 265.550781 333.058594 265.523438 333.523438 C 265.523438 333.714844 265.523438 333.917969 265.484375 334.117188 C 265.484375 334.167969 265.484375 334.214844 265.484375 334.265625 C 264.011719 353.621094 253.011719 370.976562 236.132812 380.566406 C 227.472656 385.496094 217.675781 388.078125 207.707031 388.066406 C 175.699219 388.066406 149.757812 361.964844 149.757812 329.734375 C 149.757812 297.5 175.699219 271.398438 207.707031 271.398438 C 213.765625 271.394531 219.789062 272.347656 225.550781 274.226562 L 225.632812 204.273438 C 190.277344 199.707031 154.621094 210.136719 127.300781 233.042969 C 115.457031 243.328125 105.503906 255.605469 97.882812 269.316406 C 94.984375 274.316406 84.042969 294.410156 82.714844 327.015625 C 81.882812 345.523438 87.441406 364.699219 90.089844 372.625 L 90.089844 372.792969 C 91.757812 377.457031 98.214844 393.382812 108.742188 406.808594 C 117.230469 417.578125 127.253906 427.035156 138.5 434.882812 L 138.5 434.714844 L 138.667969 434.882812 C 171.925781 457.484375 208.800781 456 208.800781 456 C 215.183594 455.742188 236.566406 456 260.851562 444.492188 C 287.785156 431.734375 303.117188 412.726562 303.117188 412.726562 C 312.914062 401.367188 320.703125 388.425781 326.148438 374.449219 C 332.367188 358.109375 334.441406 338.507812 334.441406 330.675781 L 334.441406 189.742188 C 335.273438 190.242188 346.375 197.582031 346.375 197.582031 C 346.375 197.582031 362.367188 207.832031 387.316406 214.507812 C 405.214844 219.257812 429.332031 220.257812 429.332031 220.257812 L 429.332031 152.058594 C 420.882812 152.976562 403.726562 150.308594 386.160156 141.550781 Z M 386.160156 141.550781\"><\/path>\r\n<\/svg><\/a><a href=\"https:\/\/x.com\/busrahairdesign\" target=\"_blank\" rel=\"noopener noreferrer\" style=\"text-decoration:none;border:0;width:27px;height:27px;padding:0;margin:3px;color:#ffffff;\"><svg class=\"niftybutton-twitterx\" style=\"display:block;fill:currentColor\" data-donate=\"true\" data-tag=\"twix\" data-name=\"TwitterX\" viewBox=\"0 0 512 512\" preserveAspectRatio=\"xMidYMid meet\"><title>Twitter X social icon<\/title>\r\n<path d=\"M 304.757 216.824 L 495.394 0 L 450.238 0 L 284.636 188.227 L 152.475 0 L 0 0 L 199.902 284.656 L 0 512 L 45.16 512 L 219.923 313.186 L 359.525 512 L 512 512 M 61.456 33.322 L 130.835 33.322 L 450.203 480.317 L 380.811 480.317 \"><\/path>\r\n<\/svg><\/a><a href=\"https:\/\/www.instagram.com\/busrahairdesign\/\" target=\"_blank\" rel=\"noopener noreferrer\" style=\"text-decoration:none;border:0;width:27px;height:27px;padding:0;margin:3px;color:#ffffff;\"><svg class=\"niftybutton-instagram\" style=\"display:block;fill:currentColor\" data-donate=\"true\" data-tag=\"ins\" data-name=\"Instagram\" viewBox=\"0 0 512 512\" preserveAspectRatio=\"xMidYMid meet\"><title>Instagram social icon<\/title>\r\n    <path d=\"M256 109.3c47.8 0 53.4 0.2 72.3 1 17.4 0.8 26.9 3.7 33.2 6.2 8.4 3.2 14.3 7.1 20.6 13.4 6.3 6.3 10.1 12.2 13.4 20.6 2.5 6.3 5.4 15.8 6.2 33.2 0.9 18.9 1 24.5 1 72.3s-0.2 53.4-1 72.3c-0.8 17.4-3.7 26.9-6.2 33.2 -3.2 8.4-7.1 14.3-13.4 20.6 -6.3 6.3-12.2 10.1-20.6 13.4 -6.3 2.5-15.8 5.4-33.2 6.2 -18.9 0.9-24.5 1-72.3 1s-53.4-0.2-72.3-1c-17.4-0.8-26.9-3.7-33.2-6.2 -8.4-3.2-14.3-7.1-20.6-13.4 -6.3-6.3-10.1-12.2-13.4-20.6 -2.5-6.3-5.4-15.8-6.2-33.2 -0.9-18.9-1-24.5-1-72.3s0.2-53.4 1-72.3c0.8-17.4 3.7-26.9 6.2-33.2 3.2-8.4 7.1-14.3 13.4-20.6 6.3-6.3 12.2-10.1 20.6-13.4 6.3-2.5 15.8-5.4 33.2-6.2C202.6 109.5 208.2 109.3 256 109.3M256 77.1c-48.6 0-54.7 0.2-73.8 1.1 -19 0.9-32.1 3.9-43.4 8.3 -11.8 4.6-21.7 10.7-31.7 20.6 -9.9 9.9-16.1 19.9-20.6 31.7 -4.4 11.4-7.4 24.4-8.3 43.4 -0.9 19.1-1.1 25.2-1.1 73.8 0 48.6 0.2 54.7 1.1 73.8 0.9 19 3.9 32.1 8.3 43.4 4.6 11.8 10.7 21.7 20.6 31.7 9.9 9.9 19.9 16.1 31.7 20.6 11.4 4.4 24.4 7.4 43.4 8.3 19.1 0.9 25.2 1.1 73.8 1.1s54.7-0.2 73.8-1.1c19-0.9 32.1-3.9 43.4-8.3 11.8-4.6 21.7-10.7 31.7-20.6 9.9-9.9 16.1-19.9 20.6-31.7 4.4-11.4 7.4-24.4 8.3-43.4 0.9-19.1 1.1-25.2 1.1-73.8s-0.2-54.7-1.1-73.8c-0.9-19-3.9-32.1-8.3-43.4 -4.6-11.8-10.7-21.7-20.6-31.7 -9.9-9.9-19.9-16.1-31.7-20.6 -11.4-4.4-24.4-7.4-43.4-8.3C310.7 77.3 304.6 77.1 256 77.1L256 77.1z\"><\/path>\r\n    <path d=\"M256 164.1c-50.7 0-91.9 41.1-91.9 91.9s41.1 91.9 91.9 91.9 91.9-41.1 91.9-91.9S306.7 164.1 256 164.1zM256 315.6c-32.9 0-59.6-26.7-59.6-59.6s26.7-59.6 59.6-59.6 59.6 26.7 59.6 59.6S288.9 315.6 256 315.6z\"><\/path>\r\n    <circle cx=\"351.5\" cy=\"160.5\" r=\"21.5\"><\/circle>\r\n<\/svg><\/a><\/div>\n                  <\/div>\n                <\/div>\n              <\/div>\n            <\/div>\n          <\/div>\n          <div class=\"h-column h-column-container d-flex h-col-lg-4 h-col-md-4 h-col-12 style-180-outer style-local-17-c10-outer\">\n            <div data-colibri-id=\"17-c10\" class=\"d-flex h-flex-basis h-column__inner h-px-lg-3 h-px-md-3 h-px-2 v-inner-lg-3 v-inner-md-3 v-inner-2 style-180 style-local-17-c10 position-relative\">\n              <!---->\n              <!---->\n              <div class=\"w-100 h-y-container h-column__content h-column__v-align flex-basis-100 align-self-lg-start align-self-md-start align-self-start\">\n                <!---->\n                <div data-colibri-id=\"17-c11\" class=\"h-global-transition-all h-heading style-181 style-local-17-c11 position-relative h-element\">\n                  <!---->\n                  <div class=\"h-heading__outer style-181 style-local-17-c11\">\n                    <!---->\n                    <!---->\n                    <h3 class=\"\">h\u0131zl\u0131 eri\u015fim<\/h3>\n                  <\/div>\n                <\/div>\n                <div data-colibri-id=\"17-c12\" class=\"h-lead h-text h-text-component style-182 style-local-17-c12 position-relative h-element\">\n                  <!---->\n                  <!---->\n                  <div class=\"\">\n                    <p>\n                      <a href=\"https:\/\/g.co\/kgs\/cHzzfnE\"><font color=\"#FFFFFF\">Yol Tarifi Al!<\/font><\/a>\n                    <\/p>\n                  <\/div>\n                <\/div>\n              <\/div>\n            <\/div>\n          <\/div>\n        <\/div>\n      <\/div>\n    <\/div>\n  <\/div>\n<\/div>","protected":false},"excerpt":{"rendered":"<p>bize ula\u015f\u0131n Konak Mah. Y\u0131ld\u0131r\u0131m Caddesi No:74\/B Nil\u00fcfer \/ BURSA 0224 453 4036 [&hellip;]<\/p>\n","protected":false},"author":1,"featured_media":0,"parent":0,"menu_order":0,"comment_status":"closed","ping_status":"closed","template":"page-templates\/homepage.php","meta":{"footnotes":""},"class_list":["post-17","page","type-page","status-publish","hentry"],"yoast_head":"<!-- This site is optimized with the Yoast SEO plugin v25.1 - https:\/\/yoast.com\/wordpress\/plugins\/seo\/ -->\n<title>B\u00fc\u015fra Hair Design - Nil\u00fcfer Be\u015fevler Konak Kuaf\u00f6r - B\u00fc\u015fra Hair Design - Bursa Nil\u00fcfer B\u00fc\u015fra Sa\u00e7 Tasar\u0131m<\/title>\n<meta name=\"description\" content=\"Bursa Nil\u00fcfer Be\u015fevler Konak Bayan Kuaf\u00f6r\u00fc, sa\u00e7 stilinden makyaja kadar g\u00fczelli\u011finizi en iyi \u015fekilde yans\u0131tmak i\u00e7in buraday\u0131z.\" \/>\n<meta name=\"robots\" content=\"index, follow, max-snippet:-1, max-image-preview:large, max-video-preview:-1\" \/>\n<link rel=\"canonical\" href=\"https:\/\/busrahairdesign.com\/\" \/>\n<meta property=\"og:locale\" content=\"tr_TR\" \/>\n<meta property=\"og:type\" content=\"article\" \/>\n<meta property=\"og:title\" content=\"B\u00fc\u015fra Hair Design - Nil\u00fcfer Be\u015fevler Konak Kuaf\u00f6r - B\u00fc\u015fra Hair Design - Bursa Nil\u00fcfer B\u00fc\u015fra Sa\u00e7 Tasar\u0131m\" \/>\n<meta property=\"og:description\" content=\"Bursa Nil\u00fcfer Be\u015fevler Konak Bayan Kuaf\u00f6r\u00fc, sa\u00e7 stilinden makyaja kadar g\u00fczelli\u011finizi en iyi \u015fekilde yans\u0131tmak i\u00e7in buraday\u0131z.\" \/>\n<meta property=\"og:url\" content=\"https:\/\/busrahairdesign.com\/\" \/>\n<meta property=\"og:site_name\" content=\"B\u00fc\u015fra Hair Design - Bursa Nil\u00fcfer B\u00fc\u015fra Sa\u00e7 Tasar\u0131m\" \/>\n<meta property=\"article:publisher\" content=\"https:\/\/www.facebook.com\/busrahairdesign\" \/>\n<meta property=\"article:modified_time\" content=\"2025-05-15T09:44:28+00:00\" \/>\n<meta property=\"og:image\" content=\"https:\/\/busrahairdesign.com\/wp-content\/uploads\/2025\/05\/1_PES_20190318-scaled.jpg\" \/>\n\t<meta property=\"og:image:width\" content=\"2560\" \/>\n\t<meta property=\"og:image:height\" content=\"1436\" \/>\n\t<meta property=\"og:image:type\" content=\"image\/jpeg\" \/>\n<meta name=\"twitter:card\" content=\"summary_large_image\" \/>\n<meta name=\"twitter:site\" content=\"@busrahairdesign\" \/>\n<meta name=\"twitter:label1\" content=\"Tahmini okuma s\u00fcresi\" \/>\n\t<meta name=\"twitter:data1\" content=\"1 dakika\" \/>\n<script type=\"application\/ld+json\" class=\"yoast-schema-graph\">{\"@context\":\"https:\/\/schema.org\",\"@graph\":[{\"@type\":\"WebPage\",\"@id\":\"https:\/\/busrahairdesign.com\/\",\"url\":\"https:\/\/busrahairdesign.com\/\",\"name\":\"B\u00fc\u015fra Hair Design - Nil\u00fcfer Be\u015fevler Konak Kuaf\u00f6r - B\u00fc\u015fra Hair Design - Bursa Nil\u00fcfer B\u00fc\u015fra Sa\u00e7 Tasar\u0131m\",\"isPartOf\":{\"@id\":\"https:\/\/busrahairdesign.com\/#website\"},\"datePublished\":\"2025-05-13T13:25:49+00:00\",\"dateModified\":\"2025-05-15T09:44:28+00:00\",\"description\":\"Bursa Nil\u00fcfer Be\u015fevler Konak Bayan Kuaf\u00f6r\u00fc, sa\u00e7 stilinden makyaja kadar g\u00fczelli\u011finizi en iyi \u015fekilde yans\u0131tmak i\u00e7in buraday\u0131z.\",\"breadcrumb\":{\"@id\":\"https:\/\/busrahairdesign.com\/#breadcrumb\"},\"inLanguage\":\"tr\",\"potentialAction\":[{\"@type\":\"ReadAction\",\"target\":[\"https:\/\/busrahairdesign.com\/\"]}]},{\"@type\":\"BreadcrumbList\",\"@id\":\"https:\/\/busrahairdesign.com\/#breadcrumb\",\"itemListElement\":[{\"@type\":\"ListItem\",\"position\":1,\"name\":\"Anasayfa\",\"item\":\"https:\/\/busrahairdesign.com\/\"},{\"@type\":\"ListItem\",\"position\":2,\"name\":\"B\u00fc\u015fra Hair Design &#8211; Nil\u00fcfer Be\u015fevler Konak Kuaf\u00f6r\"}]},{\"@type\":\"WebSite\",\"@id\":\"https:\/\/busrahairdesign.com\/#website\",\"url\":\"https:\/\/busrahairdesign.com\/\",\"name\":\"B\u00fc\u015fra Hair Design - Bursa Nil\u00fcfer B\u00fc\u015fra Sa\u00e7 Tasar\u0131m\",\"description\":\"Kendine bir g\u00fczellik yap!\",\"publisher\":{\"@id\":\"https:\/\/busrahairdesign.com\/#organization\"},\"alternateName\":\"B\u00fc\u015fra Hair Design\",\"potentialAction\":[{\"@type\":\"SearchAction\",\"target\":{\"@type\":\"EntryPoint\",\"urlTemplate\":\"https:\/\/busrahairdesign.com\/?s={search_term_string}\"},\"query-input\":{\"@type\":\"PropertyValueSpecification\",\"valueRequired\":true,\"valueName\":\"search_term_string\"}}],\"inLanguage\":\"tr\"},{\"@type\":\"Organization\",\"@id\":\"https:\/\/busrahairdesign.com\/#organization\",\"name\":\"B\u00fc\u015fra Hair Design - Bursa Nil\u00fcfer B\u00fc\u015fra Sa\u00e7 Tasar\u0131m\",\"url\":\"https:\/\/busrahairdesign.com\/\",\"logo\":{\"@type\":\"ImageObject\",\"inLanguage\":\"tr\",\"@id\":\"https:\/\/busrahairdesign.com\/#\/schema\/logo\/image\/\",\"url\":\"https:\/\/busrahairdesign.com\/wp-content\/uploads\/2025\/05\/bhlogo.png\",\"contentUrl\":\"https:\/\/busrahairdesign.com\/wp-content\/uploads\/2025\/05\/bhlogo.png\",\"width\":1770,\"height\":740,\"caption\":\"B\u00fc\u015fra Hair Design - Bursa Nil\u00fcfer B\u00fc\u015fra Sa\u00e7 Tasar\u0131m\"},\"image\":{\"@id\":\"https:\/\/busrahairdesign.com\/#\/schema\/logo\/image\/\"},\"sameAs\":[\"https:\/\/www.facebook.com\/busrahairdesign\",\"https:\/\/x.com\/busrahairdesign\",\"https:\/\/www.instagram.com\/busrahairdesign\"]}]}<\/script>\n<!-- \/ Yoast SEO plugin. -->","yoast_head_json":{"title":"B\u00fc\u015fra Hair Design - Nil\u00fcfer Be\u015fevler Konak Kuaf\u00f6r - B\u00fc\u015fra Hair Design - Bursa Nil\u00fcfer B\u00fc\u015fra Sa\u00e7 Tasar\u0131m","description":"Bursa Nil\u00fcfer Be\u015fevler Konak Bayan Kuaf\u00f6r\u00fc, sa\u00e7 stilinden makyaja kadar g\u00fczelli\u011finizi en iyi \u015fekilde yans\u0131tmak i\u00e7in buraday\u0131z.","robots":{"index":"index","follow":"follow","max-snippet":"max-snippet:-1","max-image-preview":"max-image-preview:large","max-video-preview":"max-video-preview:-1"},"canonical":"https:\/\/busrahairdesign.com\/","og_locale":"tr_TR","og_type":"article","og_title":"B\u00fc\u015fra Hair Design - Nil\u00fcfer Be\u015fevler Konak Kuaf\u00f6r - B\u00fc\u015fra Hair Design - Bursa Nil\u00fcfer B\u00fc\u015fra Sa\u00e7 Tasar\u0131m","og_description":"Bursa Nil\u00fcfer Be\u015fevler Konak Bayan Kuaf\u00f6r\u00fc, sa\u00e7 stilinden makyaja kadar g\u00fczelli\u011finizi en iyi \u015fekilde yans\u0131tmak i\u00e7in buraday\u0131z.","og_url":"https:\/\/busrahairdesign.com\/","og_site_name":"B\u00fc\u015fra Hair Design - Bursa Nil\u00fcfer B\u00fc\u015fra Sa\u00e7 Tasar\u0131m","article_publisher":"https:\/\/www.facebook.com\/busrahairdesign","article_modified_time":"2025-05-15T09:44:28+00:00","og_image":[{"width":2560,"height":1436,"url":"https:\/\/busrahairdesign.com\/wp-content\/uploads\/2025\/05\/1_PES_20190318-scaled.jpg","type":"image\/jpeg"}],"twitter_card":"summary_large_image","twitter_site":"@busrahairdesign","twitter_misc":{"Tahmini okuma s\u00fcresi":"1 dakika"},"schema":{"@context":"https:\/\/schema.org","@graph":[{"@type":"WebPage","@id":"https:\/\/busrahairdesign.com\/","url":"https:\/\/busrahairdesign.com\/","name":"B\u00fc\u015fra Hair Design - Nil\u00fcfer Be\u015fevler Konak Kuaf\u00f6r - B\u00fc\u015fra Hair Design - Bursa Nil\u00fcfer B\u00fc\u015fra Sa\u00e7 Tasar\u0131m","isPartOf":{"@id":"https:\/\/busrahairdesign.com\/#website"},"datePublished":"2025-05-13T13:25:49+00:00","dateModified":"2025-05-15T09:44:28+00:00","description":"Bursa Nil\u00fcfer Be\u015fevler Konak Bayan Kuaf\u00f6r\u00fc, sa\u00e7 stilinden makyaja kadar g\u00fczelli\u011finizi en iyi \u015fekilde yans\u0131tmak i\u00e7in buraday\u0131z.","breadcrumb":{"@id":"https:\/\/busrahairdesign.com\/#breadcrumb"},"inLanguage":"tr","potentialAction":[{"@type":"ReadAction","target":["https:\/\/busrahairdesign.com\/"]}]},{"@type":"BreadcrumbList","@id":"https:\/\/busrahairdesign.com\/#breadcrumb","itemListElement":[{"@type":"ListItem","position":1,"name":"Anasayfa","item":"https:\/\/busrahairdesign.com\/"},{"@type":"ListItem","position":2,"name":"B\u00fc\u015fra Hair Design &#8211; Nil\u00fcfer Be\u015fevler Konak Kuaf\u00f6r"}]},{"@type":"WebSite","@id":"https:\/\/busrahairdesign.com\/#website","url":"https:\/\/busrahairdesign.com\/","name":"B\u00fc\u015fra Hair Design - Bursa Nil\u00fcfer B\u00fc\u015fra Sa\u00e7 Tasar\u0131m","description":"Kendine bir g\u00fczellik yap!","publisher":{"@id":"https:\/\/busrahairdesign.com\/#organization"},"alternateName":"B\u00fc\u015fra Hair Design","potentialAction":[{"@type":"SearchAction","target":{"@type":"EntryPoint","urlTemplate":"https:\/\/busrahairdesign.com\/?s={search_term_string}"},"query-input":{"@type":"PropertyValueSpecification","valueRequired":true,"valueName":"search_term_string"}}],"inLanguage":"tr"},{"@type":"Organization","@id":"https:\/\/busrahairdesign.com\/#organization","name":"B\u00fc\u015fra Hair Design - Bursa Nil\u00fcfer B\u00fc\u015fra Sa\u00e7 Tasar\u0131m","url":"https:\/\/busrahairdesign.com\/","logo":{"@type":"ImageObject","inLanguage":"tr","@id":"https:\/\/busrahairdesign.com\/#\/schema\/logo\/image\/","url":"https:\/\/busrahairdesign.com\/wp-content\/uploads\/2025\/05\/bhlogo.png","contentUrl":"https:\/\/busrahairdesign.com\/wp-content\/uploads\/2025\/05\/bhlogo.png","width":1770,"height":740,"caption":"B\u00fc\u015fra Hair Design - Bursa Nil\u00fcfer B\u00fc\u015fra Sa\u00e7 Tasar\u0131m"},"image":{"@id":"https:\/\/busrahairdesign.com\/#\/schema\/logo\/image\/"},"sameAs":["https:\/\/www.facebook.com\/busrahairdesign","https:\/\/x.com\/busrahairdesign","https:\/\/www.instagram.com\/busrahairdesign"]}]}},"_links":{"self":[{"href":"https:\/\/busrahairdesign.com\/index.php\/wp-json\/wp\/v2\/pages\/17","targetHints":{"allow":["GET"]}}],"collection":[{"href":"https:\/\/busrahairdesign.com\/index.php\/wp-json\/wp\/v2\/pages"}],"about":[{"href":"https:\/\/busrahairdesign.com\/index.php\/wp-json\/wp\/v2\/types\/page"}],"author":[{"embeddable":true,"href":"https:\/\/busrahairdesign.com\/index.php\/wp-json\/wp\/v2\/users\/1"}],"replies":[{"embeddable":true,"href":"https:\/\/busrahairdesign.com\/index.php\/wp-json\/wp\/v2\/comments?post=17"}],"version-history":[{"count":1,"href":"https:\/\/busrahairdesign.com\/index.php\/wp-json\/wp\/v2\/pages\/17\/revisions"}],"predecessor-version":[{"id":289,"href":"https:\/\/busrahairdesign.com\/index.php\/wp-json\/wp\/v2\/pages\/17\/revisions\/289"}],"wp:attachment":[{"href":"https:\/\/busrahairdesign.com\/index.php\/wp-json\/wp\/v2\/media?parent=17"}],"curies":[{"name":"wp","href":"https:\/\/api.w.org\/{rel}","templated":true}]}}